{"id":34,"date":"2023-02-05T21:10:55","date_gmt":"2023-02-05T20:10:55","guid":{"rendered":"https:\/\/judo-gruenstadt.eu\/?page_id=34"},"modified":"2023-02-05T21:10:55","modified_gmt":"2023-02-05T20:10:55","slug":"wir-ueber-uns","status":"publish","type":"page","link":"https:\/\/judo-gruenstadt.de\/?page_id=34","title":{"rendered":"Wir \u00fcber uns"},"content":{"rendered":"\n<p>Der 1. Judo-Club Gr\u00fcnstadt e.V. wurde im Jahre 1983 gegr\u00fcndet.\u00a0<br>Gegenw\u00e4rtig hat der Verein ca. 100 Mitglieder.\u00a0<\/p>\n\n\n\n<p>Die von&nbsp;Jigoro Kano&nbsp;entwickelte japanische Kampfsportart Judo wird heute in \u00fcber 150 L\u00e4ndern ausge\u00fcbt&nbsp;und ist damit die weitest verbreitete Kampfsportart der Welt.<\/p>\n\n\n\n<p>Unser Anspruch ist es neben den historischen Judo-Werten vor allem Spa\u00df an einer Sportart zu vermitteln,&nbsp;in der neben k\u00f6rperlicher auch die geistige Leistungsf\u00e4higkeit gefordert ist.&nbsp;<\/p>\n\n\n\n<p>Mit unserem erfahrenen Trainerteam m\u00f6chten wir allen Anspr\u00fcchen, sei es Breitensport, Wettkampfsport&nbsp;oder einfach nur dem &#8222;Fit halten&#8220; aller Mitglieder und Neumitglieder gerecht werden.<\/p>\n\n\n\n<p>Wir freuen uns auf Sie.<\/p>\n","protected":false},"excerpt":{"rendered":"<p>Der 1. Judo-Club Gr\u00fcnstadt e.V. wurde im Jahre 1983 gegr\u00fcndet.\u00a0Gegenw\u00e4rtig hat der Verein ca. 100 Mitglieder.\u00a0 Die von&nbsp;Jigoro Kano&nbsp;entwickelte japanische Kampfsportart Judo wird heute in \u00fcber 150 L\u00e4ndern ausge\u00fcbt&nbsp;und ist damit die weitest verbreitete Kampfsportart der Welt. Unser Anspruch ist es neben den historischen Judo-Werten vor allem Spa\u00df an einer Sportart zu vermitteln,&nbsp;in der neben [&hellip;]<\/p>\n","protected":false},"author":1,"featured_media":0,"parent":0,"menu_order":0,"comment_status":"closed","ping_status":"closed","template":"","meta":{"footnotes":""},"class_list":["post-34","page","type-page","status-publish","hentry"],"_links":{"self":[{"href":"https:\/\/judo-gruenstadt.de\/index.php?rest_route=\/wp\/v2\/pages\/34","targetHints":{"allow":["GET"]}}],"collection":[{"href":"https:\/\/judo-gruenstadt.de\/index.php?rest_route=\/wp\/v2\/pages"}],"about":[{"href":"https:\/\/judo-gruenstadt.de\/index.php?rest_route=\/wp\/v2\/types\/page"}],"author":[{"embeddable":true,"href":"https:\/\/judo-gruenstadt.de\/index.php?rest_route=\/wp\/v2\/users\/1"}],"replies":[{"embeddable":true,"href":"https:\/\/judo-gruenstadt.de\/index.php?rest_route=%2Fwp%2Fv2%2Fcomments&post=34"}],"version-history":[{"count":0,"href":"https:\/\/judo-gruenstadt.de\/index.php?rest_route=\/wp\/v2\/pages\/34\/revisions"}],"wp:attachment":[{"href":"https:\/\/judo-gruenstadt.de\/index.php?rest_route=%2Fwp%2Fv2%2Fmedia&parent=34"}],"curies":[{"name":"wp","href":"https:\/\/api.w.org\/{rel}","templated":true}]}}