{"id":35,"date":"2023-02-05T21:10:55","date_gmt":"2023-02-05T20:10:55","guid":{"rendered":"https:\/\/judo-gruenstadt.eu\/?page_id=35"},"modified":"2023-02-05T21:10:55","modified_gmt":"2023-02-05T20:10:55","slug":"training","status":"publish","type":"page","link":"https:\/\/judo-gruenstadt.de\/?page_id=35","title":{"rendered":"Training"},"content":{"rendered":"\n<p>Anf\u00e4nger und Quereinsteiger sind jederzeit zum dreimaligen Probetraining \/ Schnuppern herzlich willkommen, sie werden durch erfahrene Trainer ins laufende Training eingef\u00fchrt und in die Trainingsgruppe integriert.<br>Unabh\u00e4ngig davon bietet der 1. Judo-Club Gr\u00fcnstadt einen zehnw\u00f6chigen Anf\u00e4ngerkurs an, Beginn nach Absprache. W\u00e4hrend dieser Zeit besteht eine Mitgliedschaft im Verein, die nach zehn Trainingseinheiten automatisch endet. Danach kann der Neu-Judoka offiziell in den Verein eintreten. Letzteres ist nat\u00fcrlich auch direkt m\u00f6glich, ohne den zehnw\u00f6chigen Kurs.<\/p>\n\n\n\n<p>Die Kursgeb\u00fchr betr\u00e4gt bis 18 Jahre 40.- \u20ac, ab 18 Jahre 50.- \u20ac.<br>Die Anmeldung findet in der alten Turnhalle des Leininger Gymnasiums statt.<\/p>\n\n\n\n<p>Um Judo kennen zu lernen und Spa\u00df und Interesse am Sport zu wecken ist ein Judoanzug notwendig.\u00a0Der Anzug kann f\u00fcr 35.- \u20acuro bei uns gekauft werden.\u00a0<br>Bei Ausscheiden bis Kursende kann der Anzug, abz\u00fcglich einer Nutzungsgeb\u00fchr von 5.- \u20acuro, zur\u00fcckgegeben werden.<\/p>\n\n\n\n<p class=\"has-large-font-size\"><strong>&#8211; Wiedereinsteiger, Neueinsteiger ob jung oder &#8222;alt&#8220;- <\/strong><\/p>\n\n\n\n<p>Unsere T\u00fcr ist f\u00fcr jeden ge\u00f6ffnet. Eine Altersbeschr\u00e4nkung gibt es im Judo nicht.\u00a0<br>F\u00fcr Fortgeschrittene jeden Alters und Neueinsteiger ab 15 Jahren findet kein Training in Kursform statt.\u00a0Der Einstieg in den allgemeinen Trainingsbetrieb ist jederzeit m\u00f6glich.<\/p>\n","protected":false},"excerpt":{"rendered":"<p>Anf\u00e4nger und Quereinsteiger sind jederzeit zum dreimaligen Probetraining \/ Schnuppern herzlich willkommen, sie werden durch erfahrene Trainer ins laufende Training eingef\u00fchrt und in die Trainingsgruppe integriert.Unabh\u00e4ngig davon bietet der 1. Judo-Club Gr\u00fcnstadt einen zehnw\u00f6chigen Anf\u00e4ngerkurs an, Beginn nach Absprache. W\u00e4hrend dieser Zeit besteht eine Mitgliedschaft im Verein, die nach zehn Trainingseinheiten automatisch endet. Danach kann [&hellip;]<\/p>\n","protected":false},"author":1,"featured_media":0,"parent":0,"menu_order":0,"comment_status":"closed","ping_status":"closed","template":"","meta":{"footnotes":""},"class_list":["post-35","page","type-page","status-publish","hentry"],"_links":{"self":[{"href":"https:\/\/judo-gruenstadt.de\/index.php?rest_route=\/wp\/v2\/pages\/35","targetHints":{"allow":["GET"]}}],"collection":[{"href":"https:\/\/judo-gruenstadt.de\/index.php?rest_route=\/wp\/v2\/pages"}],"about":[{"href":"https:\/\/judo-gruenstadt.de\/index.php?rest_route=\/wp\/v2\/types\/page"}],"author":[{"embeddable":true,"href":"https:\/\/judo-gruenstadt.de\/index.php?rest_route=\/wp\/v2\/users\/1"}],"replies":[{"embeddable":true,"href":"https:\/\/judo-gruenstadt.de\/index.php?rest_route=%2Fwp%2Fv2%2Fcomments&post=35"}],"version-history":[{"count":0,"href":"https:\/\/judo-gruenstadt.de\/index.php?rest_route=\/wp\/v2\/pages\/35\/revisions"}],"wp:attachment":[{"href":"https:\/\/judo-gruenstadt.de\/index.php?rest_route=%2Fwp%2Fv2%2Fmedia&parent=35"}],"curies":[{"name":"wp","href":"https:\/\/api.w.org\/{rel}","templated":true}]}}