{"id":589,"date":"2025-03-26T17:14:05","date_gmt":"2025-03-26T17:14:05","guid":{"rendered":"https:\/\/judo-gruenstadt.de\/?page_id=589"},"modified":"2025-03-31T17:06:16","modified_gmt":"2025-03-31T17:06:16","slug":"judo-fuechse","status":"publish","type":"page","link":"https:\/\/judo-gruenstadt.de\/?page_id=589","title":{"rendered":"Judo-F\u00fcchse"},"content":{"rendered":"\n<div class=\"wp-block-media-text is-stacked-on-mobile\" style=\"grid-template-columns:15% auto\"><figure class=\"wp-block-media-text__media\"><img loading=\"lazy\" decoding=\"async\" width=\"617\" height=\"1024\" src=\"https:\/\/judo-gruenstadt.de\/wp-content\/uploads\/2025\/03\/IMG_0270-617x1024.jpg\" alt=\"\" class=\"wp-image-597 size-full\" srcset=\"https:\/\/judo-gruenstadt.de\/wp-content\/uploads\/2025\/03\/IMG_0270-617x1024.jpg 617w, https:\/\/judo-gruenstadt.de\/wp-content\/uploads\/2025\/03\/IMG_0270-181x300.jpg 181w, https:\/\/judo-gruenstadt.de\/wp-content\/uploads\/2025\/03\/IMG_0270-768x1275.jpg 768w, https:\/\/judo-gruenstadt.de\/wp-content\/uploads\/2025\/03\/IMG_0270-925x1536.jpg 925w, https:\/\/judo-gruenstadt.de\/wp-content\/uploads\/2025\/03\/IMG_0270.jpg 964w\" sizes=\"auto, (max-width: 617px) 100vw, 617px\" \/><\/figure><div class=\"wp-block-media-text__content\">\n<p><strong>Was sind die Judo-F\u00fcchse?<\/strong><\/p>\n\n\n\n<p>Die Judo-F\u00fcchse sind unsere Kleinsten, zwischen 4 und 7 Jahren.<br \/><\/p>\n<\/div><\/div>\n\n\n\n<div class=\"wp-block-media-text has-media-on-the-right is-stacked-on-mobile\" style=\"grid-template-columns:auto 21%\"><div class=\"wp-block-media-text__content\">\n<p><strong>Was machen die Judo F\u00fcchse?<\/strong><\/p>\n\n\n\n<p>Sie werden&nbsp;kindgerecht mit unterschiedlichen Spielen und vielen&nbsp;coolen Judo-Elementen auf Judo vorbereitet.<\/p>\n\n\n\n<p>Mit 7 Jahren k\u00f6nnen die &#8222;Judo-F\u00fcchse&#8220; dann mit den \u00e4lteren Kindern trainieren.<\/p>\n<\/div><figure class=\"wp-block-media-text__media\"><img loading=\"lazy\" decoding=\"async\" width=\"768\" height=\"1024\" src=\"https:\/\/judo-gruenstadt.de\/wp-content\/uploads\/2025\/03\/IMG_4252-768x1024.jpg\" alt=\"\" class=\"wp-image-598 size-full\" srcset=\"https:\/\/judo-gruenstadt.de\/wp-content\/uploads\/2025\/03\/IMG_4252-768x1024.jpg 768w, https:\/\/judo-gruenstadt.de\/wp-content\/uploads\/2025\/03\/IMG_4252-225x300.jpg 225w, https:\/\/judo-gruenstadt.de\/wp-content\/uploads\/2025\/03\/IMG_4252-1152x1536.jpg 1152w, https:\/\/judo-gruenstadt.de\/wp-content\/uploads\/2025\/03\/IMG_4252-1536x2048.jpg 1536w, https:\/\/judo-gruenstadt.de\/wp-content\/uploads\/2025\/03\/IMG_4252-1024x1365.jpg 1024w, https:\/\/judo-gruenstadt.de\/wp-content\/uploads\/2025\/03\/IMG_4252-scaled.jpg 1920w\" sizes=\"auto, (max-width: 768px) 100vw, 768px\" \/><\/figure><\/div>\n\n\n\n<div class=\"wp-block-media-text is-stacked-on-mobile\" style=\"grid-template-columns:20% auto\"><figure class=\"wp-block-media-text__media\"><img loading=\"lazy\" decoding=\"async\" width=\"768\" height=\"1024\" src=\"https:\/\/judo-gruenstadt.de\/wp-content\/uploads\/2025\/03\/IMG_4448-768x1024.jpg\" alt=\"\" class=\"wp-image-599 size-full\" srcset=\"https:\/\/judo-gruenstadt.de\/wp-content\/uploads\/2025\/03\/IMG_4448-768x1024.jpg 768w, https:\/\/judo-gruenstadt.de\/wp-content\/uploads\/2025\/03\/IMG_4448-225x300.jpg 225w, https:\/\/judo-gruenstadt.de\/wp-content\/uploads\/2025\/03\/IMG_4448-1152x1536.jpg 1152w, https:\/\/judo-gruenstadt.de\/wp-content\/uploads\/2025\/03\/IMG_4448-1536x2048.jpg 1536w, https:\/\/judo-gruenstadt.de\/wp-content\/uploads\/2025\/03\/IMG_4448-1024x1365.jpg 1024w, https:\/\/judo-gruenstadt.de\/wp-content\/uploads\/2025\/03\/IMG_4448-scaled.jpg 1920w\" sizes=\"auto, (max-width: 768px) 100vw, 768px\" \/><\/figure><div class=\"wp-block-media-text__content\">\n<p><strong>Wozu ist das gut?<\/strong><\/p>\n\n\n\n<p>Tolles Ganzk\u00f6rpertraining, Entwicklung von Selbstbewusstsein, Motorik, Koordination und Balance. Spielerisches Kennenlernen der asiatischen Kampfsportart, <br>F\u00f6rderung von Respekt, H\u00f6flichkeit, Disziplin und aller anderen Judowerte.<\/p>\n<\/div><\/div>\n\n\n\n<p><strong>Wann und wo?<\/strong><\/p>\n\n\n\n<p>Wir starten Dienstags ab 17:30 in der kleinen Turnhalle des Leininger Gymnasiums.<br>Zur Wegbeschreibung geht es <a href=\"https:\/\/judo-gruenstadt.de\/wp-content\/uploads\/2023\/05\/So_finden_Sie_uns.pdf\">hier<\/a>.<\/p>\n\n\n\n<p><\/p>\n\n\n\n<p><\/p>\n","protected":false},"excerpt":{"rendered":"<p>Was sind die Judo-F\u00fcchse? Die Judo-F\u00fcchse sind unsere Kleinsten, zwischen 4 und 7 Jahren. Was machen die Judo F\u00fcchse? Sie werden&nbsp;kindgerecht mit unterschiedlichen Spielen und vielen&nbsp;coolen Judo-Elementen auf Judo vorbereitet. Mit 7 Jahren k\u00f6nnen die &#8222;Judo-F\u00fcchse&#8220; dann mit den \u00e4lteren Kindern trainieren. Wozu ist das gut? Tolles Ganzk\u00f6rpertraining, Entwicklung von Selbstbewusstsein, Motorik, Koordination und Balance. [&hellip;]<\/p>\n","protected":false},"author":3,"featured_media":0,"parent":0,"menu_order":0,"comment_status":"closed","ping_status":"closed","template":"","meta":{"footnotes":""},"class_list":["post-589","page","type-page","status-publish","hentry"],"_links":{"self":[{"href":"https:\/\/judo-gruenstadt.de\/index.php?rest_route=\/wp\/v2\/pages\/589","targetHints":{"allow":["GET"]}}],"collection":[{"href":"https:\/\/judo-gruenstadt.de\/index.php?rest_route=\/wp\/v2\/pages"}],"about":[{"href":"https:\/\/judo-gruenstadt.de\/index.php?rest_route=\/wp\/v2\/types\/page"}],"author":[{"embeddable":true,"href":"https:\/\/judo-gruenstadt.de\/index.php?rest_route=\/wp\/v2\/users\/3"}],"replies":[{"embeddable":true,"href":"https:\/\/judo-gruenstadt.de\/index.php?rest_route=%2Fwp%2Fv2%2Fcomments&post=589"}],"version-history":[{"count":7,"href":"https:\/\/judo-gruenstadt.de\/index.php?rest_route=\/wp\/v2\/pages\/589\/revisions"}],"predecessor-version":[{"id":609,"href":"https:\/\/judo-gruenstadt.de\/index.php?rest_route=\/wp\/v2\/pages\/589\/revisions\/609"}],"wp:attachment":[{"href":"https:\/\/judo-gruenstadt.de\/index.php?rest_route=%2Fwp%2Fv2%2Fmedia&parent=589"}],"curies":[{"name":"wp","href":"https:\/\/api.w.org\/{rel}","templated":true}]}}